{"id":425,"date":"2017-08-11T08:00:10","date_gmt":"2017-08-11T08:00:10","guid":{"rendered":"http:\/\/demo.ovathemes.com\/won\/?page_id=5"},"modified":"2025-04-08T17:43:51","modified_gmt":"2025-04-08T15:43:51","slug":"home-3","status":"publish","type":"page","link":"http:\/\/www.alpha-security.de\/alpha-security\/","title":{"rendered":"Home"},"content":{"rendered":"<section class=\"wpb-content-wrapper\"><p>[vc_row full_width=&#8220;stretch_row_content_no_spaces&#8220; ova_container=&#8220;no&#8220;][vc_column]<div class=\"l-design \">\n\t            <div class=\"main-slider slider-pro\" id=\"main-slider\" data-slider-width=\"100%\" data-slider-height=\"700px\" data-slider-arrows=\"true\" data-slider-buttons=\"true\">\n\t                <div class=\"sp-slides\">\n\t                    \n            <div class=\"sp-slide \">\n            \t<img class=\"sp-image\" src=\"http:\/\/www.alpha-security.de\/alpha-security\/wp-content\/uploads\/2021\/08\/SLIDER_one.jpg\" alt=\"slider\" \/>\n                <div class=\"container-fluid\">\n                    <div class=\"row\">\n                        <div class=\"col-xs-12\">\n                            <div class=\"main-slider__inner\">\n                                <h2 class=\"main-slider__title sp-layer\" data-width=\"100%\" data-show-transition=\"left\" data-hide-transition=\"left\" data-show-duration=\"800\" data-show-delay=\"400\" data-hide-delay=\"400\"><span class=\"main-slider__title-first\">Beratung - Planung - Durchf\u00fchrung<\/span><strong class=\"main-slider__title-strong\">Security &amp; Solutions GmbH<\/strong><\/h2>\n                                <div class=\"main-slider__info sp-layer\" data-width=\"100%\" data-show-transition=\"left\" data-hide-transition=\"left\" data-show-duration=\"1200\" data-show-delay=\"2000\" data-hide-delay=\"400\">\u201e25 Jahre Erfahrung &amp; Kompetenz f\u00fcr Ihre Sicherheit\u201c<\/div>\n                            <\/div>\n                        <\/div>\n                    <\/div>\n                <\/div>\n            <\/div>\n            <div class=\"sp-slide \">\n            \t<img class=\"sp-image\" src=\"http:\/\/www.alpha-security.de\/alpha-security\/wp-content\/uploads\/2021\/08\/SLIDER_two.jpg\" alt=\"slider\" \/>\n                <div class=\"container-fluid\">\n                    <div class=\"row\">\n                        <div class=\"col-xs-12\">\n                            <div class=\"main-slider__inner\">\n                                <h2 class=\"main-slider__title sp-layer\" data-width=\"100%\" data-show-transition=\"left\" data-hide-transition=\"left\" data-show-duration=\"800\" data-show-delay=\"400\" data-hide-delay=\"400\"><span class=\"main-slider__title-first\">Pr\u00e4vention - Intervention - Protection<\/span><strong class=\"main-slider__title-strong\">Security &amp; Solutions GmbH<\/strong><\/h2>\n                                <div class=\"main-slider__info sp-layer\" data-width=\"100%\" data-show-transition=\"left\" data-hide-transition=\"left\" data-show-duration=\"1200\" data-show-delay=\"2000\" data-hide-delay=\"400\">\u201eProfessionelle Dienstleistung aus einer Hand\u201c<\/div>\n                            <\/div>\n                        <\/div>\n                    <\/div>\n                <\/div>\n            <\/div>\n\t                <\/div>\n\t            <\/div>\n\t            <span class=\"num\"><\/span>\n        \t<\/div>[\/vc_column][\/vc_row][vc_row css=&#8220;.vc_custom_1502782720994{margin-top: 110px !important;}&#8220;][vc_column]\n  \t\t\t<section class=\"section-default_pdg-btm section-border scrollreveal \">\n  \t\t\t    <div class=\"section__inner\">\n  \t\t\t        <div class=\"row\">\n  \t\t\t            <div class=\"col-xs-12\"><div class=\"ui-subtitle-block-2\">Security - Detektei - Event - Personal - IT-Security<\/div><h2 class=\"ui-title-block\"><strong>alpha Security & Solutions GmbH<\/strong><\/h2><\/div>\n  \t\t\t        <\/div>\n  \t\t\t        <div class=\"row\"><div class=\"col-sm-4\">\n  \t\t\t                <div class=\"col_minus-interval_right\">\n  \t\t\t                    <a class=\"img-w-decor img-w-decor_l-minus-110 tilter tilter--1 js-zoom-images\" href=\"\">\n  \t\t\t                        <figure class=\"tilter__figure\"><img class=\"img-responsive\" src=\"http:\/\/www.alpha-security.de\/alpha-security\/wp-content\/uploads\/2021\/08\/member-of-security-guard-team-on-public-event-P5ST5KK-scaled.jpg\" alt=\"&lt;strong&gt;Herzlich Willkommen&lt;\/strong&gt; und vielen Dank f\u00fcr Ihren Besuch auf unserer Internetseite\"\/><\/figure>\n  \t\t\t                    <\/a>\n  \t\t\t                <\/div>\n  \t\t\t            <\/div><div class=\"col-sm-6 col-sm-offset-1\">\n  \t\t\t                <div class=\"col_minus-interval_left\"><h3 class=\"ui-title-block ui-title-block_sm ui-title-block_semibold\">\n  \t\t\t                    <strong>Herzlich Willkommen<\/strong> und vielen Dank f\u00fcr Ihren Besuch auf unserer Internetseite<\/h3><div>alpha steht f\u00fcr Ihren pers\u00f6nlichen Schutz und Ihre Sicherheit im gesch\u00e4ftlichen und privaten Bereich. F\u00fcr abgestimmte Sicherheitskonzepte, erfolgreiche und professionelle Projektdurchf\u00fchrungen steht Ihnen ein Team von qualifizierten Sicherheitsfachleuten zur pers\u00f6nlichen Beratung zur Verf\u00fcgung.<br \/>\n<br \/>\n<b>Hohe Qualit\u00e4t und Wirtschaftlichkeit bestimmen jeweils unser Denken und Handeln<\/b><\/div><\/div>\n  \t\t\t            <\/div>\n  \t\t\t        <\/div><\/div>\n  \t\t\t<\/section>[\/vc_column][\/vc_row][vc_row css=&#8220;.vc_custom_1502808649569{margin-top: 110px !important;}&#8220;][vc_column]<div class=\"\"><div class=\"ui-subtitle-block\">alpha Security &amp; Solutions GmbH<\/div><h2 class=\"ui-title-block ui-title-block_w-arrows\">Unsere <strong>DIENSTE<\/strong><\/h2><\/div><div class=\"advantages-carousel owl-carousel owl-theme owl-theme_arrows-top enable-owl-carousel  \" data-min480=\"1\" data-min768=\"2\" data-min992=\"3\" data-min1200=\"3\" data-pagination=\"false\" data-navigation=\"true\" data-auto-play=\"3000\" data-stop-on-hover=\"true\"><section class=\"b-advantages b-advantages-1 \"><i class=\"b-advantages__icon ti-shield\"><\/i><h3 class=\"b-advantages__title ui-title-inner\">Security<\/h3><div class=\"b-advantages__info\">Gefahren verstehen und Risiken minimieren.<br \/>\nSicherheitsmechanismen f\u00fcr Einzelpersonen oder Unternehmen gegen Bedrohungen pr\u00e4ventieren.<\/div><a class=\"btn btn-theme btn-theme_mrg-top\" href=\"https:\/\/www.alpha-security.de\/alpha-security\/security\/\">mehr lesen<\/a><\/section><section class=\"b-advantages b-advantages-1 \"><i class=\"b-advantages__icon ti-eye\"><\/i><h3 class=\"b-advantages__title ui-title-inner\">Detektei<\/h3><div class=\"b-advantages__info\">Optimale Absicherung und professionelle Aufdeckung krimineller Aktivit\u00e4ten im Gesch\u00e4fts- und Privatbereich.<\/div><a class=\"btn btn-theme btn-theme_mrg-top\" href=\"https:\/\/www.alpha-security.de\/alpha-security\/detektei\/\">mehr lesen<\/a><\/section><section class=\"b-advantages b-advantages-1 \"><i class=\"b-advantages__icon ti-camera\"><\/i><h3 class=\"b-advantages__title ui-title-inner\">Event<\/h3><div class=\"b-advantages__info\">Durch langj\u00e4hrige Erfahrung und einem eingespielten Team ist Ihre Veranstaltung in sicheren H\u00e4nden.<\/div><a class=\"btn btn-theme btn-theme_mrg-top\" href=\"https:\/\/www.alpha-security.de\/alpha-security\/event\/\">mehr lesen<\/a><\/section><section class=\"b-advantages b-advantages-1 \"><i class=\"b-advantages__icon ti-user\"><\/i><h3 class=\"b-advantages__title ui-title-inner\">Personal<\/h3><div class=\"b-advantages__info\">Qualifiziertes Personal - just in time.<\/div><a class=\"btn btn-theme btn-theme_mrg-top\" href=\"https:\/\/www.alpha-security.de\/alpha-security\/personal\/\">mehr lesen<\/a><\/section><section class=\"b-advantages b-advantages-1 \"><i class=\"b-advantages__icon ti-lock\"><\/i><h3 class=\"b-advantages__title ui-title-inner\">IT-Security<\/h3><div class=\"b-advantages__info\">Wir sorgen mit kompetenten L\u00f6sungen um sensible Informationen und Daten effektiv vor Datenverlust und unbefugtem Zugriff zu sch\u00fctzen.<\/div><a class=\"btn btn-theme btn-theme_mrg-top\" href=\"https:\/\/www.alpha-security.de\/alpha-security\/it-security\/\">mehr lesen<\/a><\/section><\/div>[\/vc_column][\/vc_row][vc_row css=&#8220;.vc_custom_1502944271359{margin-top: 110px !important;padding-bottom: 110px !important;}&#8220;][vc_column]<div class=\"\"><div class=\"ui-subtitle-block\">alpha Security &amp; Solutions GmbH<\/div><h2 class=\"ui-title-block ui-title-block_w-arrows\">Unsere <strong>Leistungen<\/strong><\/h2><\/div><div id=\"ova_portfolio_1778776528_id\" class=\"b-isotope b-isotope-3 b-isotope_3-col \">\n          <div class=\"container-fluid\">\n              <div class=\"row\">\n                  <div class=\"col-xs-12\"><div class=\"b-isotope b-isotope b-isotope-1 b-isotope_3-col b-isotope_mrg-top_minus\"><ul class=\"b-isotope-filter list-inline\"><li class=\"current\"><a href=\"\"  data-filter=\".all\">Alle Leistungen<\/a><\/li><li><a href=\"\" data-filter=\".security\">Security<\/a><\/li><li><a href=\"\" data-filter=\".detektei\">Detektei<\/a><\/li><li><a href=\"\" data-filter=\".event\">Event<\/a><\/li><li><a href=\"\" data-filter=\".personal\">Personal<\/a><\/li><li><a href=\"\" data-filter=\".it-security\">IT-Security<\/a><\/li><\/ul><ul class=\"b-isotope-grid grid list-unstyled\">\n                          <li class=\"grid-sizer\"><\/li><li class=\"b-isotope-grid__item grid-item all true security\">\n\n                                      <a class=\"b-isotope-grid__inner\" href=\"http:\/\/www.alpha-security.de\/alpha-security\/portfolio\/personenschutz\/\">\n\n                                        <img src=\"http:\/\/www.alpha-security.de\/alpha-security\/wp-content\/uploads\/2017\/09\/cropped-image-of-businessman-looking-at-smartphone-XY6WQB9-scaled.jpg\" alt=\"Personenschutz\"\/>\n\n                                        <span class=\"b-isotope-grid__wrap-info\">\n                                          <i class=\"icon ti-arrow-top-right\"><\/i>\n                                        <\/span>\n\n                                      <\/a><a href=\"http:\/\/www.alpha-security.de\/alpha-security\/portfolio\/personenschutz\/\"><span class=\"b-isotope-grid__title\">Personenschutz<\/span><\/a><span class=\"b-isotope-grid__categorie\">Security<\/span><\/li><li class=\"b-isotope-grid__item grid-item all true security\">\n\n                                      <a class=\"b-isotope-grid__inner\" href=\"http:\/\/www.alpha-security.de\/alpha-security\/portfolio\/objektschutz\/\">\n\n                                        <img src=\"http:\/\/www.alpha-security.de\/alpha-security\/wp-content\/uploads\/2017\/09\/security-cameras-on-dark-building-P3MKT62-scaled.jpg\" alt=\"Objektschutz\"\/>\n\n                                        <span class=\"b-isotope-grid__wrap-info\">\n                                          <i class=\"icon ti-arrow-top-right\"><\/i>\n                                        <\/span>\n\n                                      <\/a><a href=\"http:\/\/www.alpha-security.de\/alpha-security\/portfolio\/objektschutz\/\"><span class=\"b-isotope-grid__title\">Objektschutz<\/span><\/a><span class=\"b-isotope-grid__categorie\">Security<\/span><\/li><li class=\"b-isotope-grid__item grid-item all true security\">\n\n                                      <a class=\"b-isotope-grid__inner\" href=\"http:\/\/www.alpha-security.de\/alpha-security\/portfolio\/consulting\/\">\n\n                                        <img src=\"http:\/\/www.alpha-security.de\/alpha-security\/wp-content\/uploads\/2017\/09\/consultation-of-businessmen-for-business-success-B62CZW2-scaled.jpg\" alt=\"Consulting\"\/>\n\n                                        <span class=\"b-isotope-grid__wrap-info\">\n                                          <i class=\"icon ti-arrow-top-right\"><\/i>\n                                        <\/span>\n\n                                      <\/a><a href=\"http:\/\/www.alpha-security.de\/alpha-security\/portfolio\/consulting\/\"><span class=\"b-isotope-grid__title\">Consulting<\/span><\/a><span class=\"b-isotope-grid__categorie\">Security<\/span><\/li><li class=\"b-isotope-grid__item grid-item all true security\">\n\n                                      <a class=\"b-isotope-grid__inner\" href=\"http:\/\/www.alpha-security.de\/alpha-security\/securityy\">\n\n                                        <img src=\"http:\/\/www.alpha-security.de\/alpha-security\/wp-content\/uploads\/2017\/09\/three-portable-radio-transmitter-at-steel-backgrou-SE75X6Q-scaled.jpg\" alt=\"Technik\"\/>\n\n                                        <span class=\"b-isotope-grid__wrap-info\">\n                                          <i class=\"icon ti-arrow-top-right\"><\/i>\n                                        <\/span>\n\n                                      <\/a><a href=\"http:\/\/www.alpha-security.de\/alpha-security\/securityy\"><span class=\"b-isotope-grid__title\">Technik<\/span><\/a><span class=\"b-isotope-grid__categorie\">Security<\/span><\/li><li class=\"b-isotope-grid__item grid-item all true detektei\">\n\n                                      <a class=\"b-isotope-grid__inner\" href=\"http:\/\/www.alpha-security.de\/alpha-security\/portfolio\/privatrecherche\/\">\n\n                                        <img src=\"http:\/\/www.alpha-security.de\/alpha-security\/wp-content\/uploads\/2017\/09\/office-worker-scaled.jpg\" alt=\"Privatrecherche\"\/>\n\n                                        <span class=\"b-isotope-grid__wrap-info\">\n                                          <i class=\"icon ti-arrow-top-right\"><\/i>\n                                        <\/span>\n\n                                      <\/a><a href=\"http:\/\/www.alpha-security.de\/alpha-security\/portfolio\/privatrecherche\/\"><span class=\"b-isotope-grid__title\">Privatrecherche<\/span><\/a><span class=\"b-isotope-grid__categorie\">Detektei<\/span><\/li><li class=\"b-isotope-grid__item grid-item all true detektei\">\n\n                                      <a class=\"b-isotope-grid__inner\" href=\"http:\/\/www.alpha-security.de\/alpha-security\/portfolio\/wirtschafts-und-industrierechherchhe\/\">\n\n                                        <img src=\"http:\/\/www.alpha-security.de\/alpha-security\/wp-content\/uploads\/2017\/09\/business-people-discussing-research-6NCKYL2-scaled.jpg\" alt=\"Wirtschafts- &#038; Industrierecherche\"\/>\n\n                                        <span class=\"b-isotope-grid__wrap-info\">\n                                          <i class=\"icon ti-arrow-top-right\"><\/i>\n                                        <\/span>\n\n                                      <\/a><a href=\"http:\/\/www.alpha-security.de\/alpha-security\/portfolio\/wirtschafts-und-industrierechherchhe\/\"><span class=\"b-isotope-grid__title\">Wirtschafts- &#038; Industrierecherche<\/span><\/a><span class=\"b-isotope-grid__categorie\">Detektei<\/span><\/li><li class=\"b-isotope-grid__item grid-item all true event\">\n\n                                      <a class=\"b-isotope-grid__inner\" href=\"http:\/\/www.alpha-security.de\/alpha-security\/portfolio\/tour-security\/\">\n\n                                        <img src=\"http:\/\/www.alpha-security.de\/alpha-security\/wp-content\/uploads\/2017\/09\/handsome-bodyguard-standing-and-listening-message-A78BNHN-scaled.jpg\" alt=\"Tour-Security\"\/>\n\n                                        <span class=\"b-isotope-grid__wrap-info\">\n                                          <i class=\"icon ti-arrow-top-right\"><\/i>\n                                        <\/span>\n\n                                      <\/a><a href=\"http:\/\/www.alpha-security.de\/alpha-security\/portfolio\/tour-security\/\"><span class=\"b-isotope-grid__title\">Tour-Security<\/span><\/a><span class=\"b-isotope-grid__categorie\">Event<\/span><\/li><li class=\"b-isotope-grid__item grid-item all true event\">\n\n                                      <a class=\"b-isotope-grid__inner\" href=\"http:\/\/www.alpha-security.de\/alpha-security\/portfolio\/business-security\/\">\n\n                                        <img src=\"http:\/\/www.alpha-security.de\/alpha-security\/wp-content\/uploads\/2017\/09\/partial-view-of-guard-using-metal-detector-54DU3U7-scaled.jpg\" alt=\"Business-Security\"\/>\n\n                                        <span class=\"b-isotope-grid__wrap-info\">\n                                          <i class=\"icon ti-arrow-top-right\"><\/i>\n                                        <\/span>\n\n                                      <\/a><a href=\"http:\/\/www.alpha-security.de\/alpha-security\/portfolio\/business-security\/\"><span class=\"b-isotope-grid__title\">Business-Security<\/span><\/a><span class=\"b-isotope-grid__categorie\">Event<\/span><\/li><li class=\"b-isotope-grid__item grid-item all true event\">\n\n                                      <a class=\"b-isotope-grid__inner\" href=\"http:\/\/www.alpha-security.de\/alpha-security\/portfolio\/mobilmanagement\/\">\n\n                                        <img src=\"http:\/\/www.alpha-security.de\/alpha-security\/wp-content\/uploads\/2017\/09\/bodyguard-in-sunglasses-opening-car-door-to-busine-WFWUL7V-scaled.jpg\" alt=\"Mobilmanagement\"\/>\n\n                                        <span class=\"b-isotope-grid__wrap-info\">\n                                          <i class=\"icon ti-arrow-top-right\"><\/i>\n                                        <\/span>\n\n                                      <\/a><a href=\"http:\/\/www.alpha-security.de\/alpha-security\/portfolio\/mobilmanagement\/\"><span class=\"b-isotope-grid__title\">Mobilmanagement<\/span><\/a><span class=\"b-isotope-grid__categorie\">Event<\/span><\/li><li class=\"b-isotope-grid__item grid-item all true personal\">\n\n                                      <a class=\"b-isotope-grid__inner\" href=\"http:\/\/www.alpha-security.de\/alpha-security\/portfolio\/peronsalservice\/\">\n\n                                        <img src=\"http:\/\/www.alpha-security.de\/alpha-security\/wp-content\/uploads\/2017\/09\/you-are-welcome-SG9HRY2-scaled.jpg\" alt=\"Personalservice\"\/>\n\n                                        <span class=\"b-isotope-grid__wrap-info\">\n                                          <i class=\"icon ti-arrow-top-right\"><\/i>\n                                        <\/span>\n\n                                      <\/a><a href=\"http:\/\/www.alpha-security.de\/alpha-security\/portfolio\/peronsalservice\/\"><span class=\"b-isotope-grid__title\">Personalservice<\/span><\/a><span class=\"b-isotope-grid__categorie\">Personal<\/span><\/li><li class=\"b-isotope-grid__item grid-item all true personal\">\n\n                                      <a class=\"b-isotope-grid__inner\" href=\"http:\/\/www.alpha-security.de\/alpha-security\/portfolio\/personalschulung\/\">\n\n                                        <img src=\"http:\/\/www.alpha-security.de\/alpha-security\/wp-content\/uploads\/2017\/09\/cropped-view-of-guard-in-uniform-holding-walkie-ta-326JW3T-scaled.jpg\" alt=\"Personalschulung\"\/>\n\n                                        <span class=\"b-isotope-grid__wrap-info\">\n                                          <i class=\"icon ti-arrow-top-right\"><\/i>\n                                        <\/span>\n\n                                      <\/a><a href=\"http:\/\/www.alpha-security.de\/alpha-security\/portfolio\/personalschulung\/\"><span class=\"b-isotope-grid__title\">Personalschulung<\/span><\/a><span class=\"b-isotope-grid__categorie\">Personal<\/span><\/li><li class=\"b-isotope-grid__item grid-item all true it-security\">\n\n                                      <a class=\"b-isotope-grid__inner\" href=\"http:\/\/www.alpha-security.de\/alpha-security\/portfolio\/mitarbeiter-sensibiliserung\/\">\n\n                                        <img src=\"http:\/\/www.alpha-security.de\/alpha-security\/wp-content\/uploads\/2021\/08\/businessman-speaking-and-holding-digital-tablet-an-67VYDLF-scaled.jpg\" alt=\"Mitarbeiter-Sensibiliserung\"\/>\n\n                                        <span class=\"b-isotope-grid__wrap-info\">\n                                          <i class=\"icon ti-arrow-top-right\"><\/i>\n                                        <\/span>\n\n                                      <\/a><a href=\"http:\/\/www.alpha-security.de\/alpha-security\/portfolio\/mitarbeiter-sensibiliserung\/\"><span class=\"b-isotope-grid__title\">Mitarbeiter-Sensibiliserung<\/span><\/a><span class=\"b-isotope-grid__categorie\">IT-Security<\/span><\/li><li class=\"b-isotope-grid__item grid-item all true it-security\">\n\n                                      <a class=\"b-isotope-grid__inner\" href=\"http:\/\/www.alpha-security.de\/alpha-security\/portfolio\/it-analyse\/\">\n\n                                        <img src=\"http:\/\/www.alpha-security.de\/alpha-security\/wp-content\/uploads\/2017\/09\/fee-computer-computer-security-system-and-a-magnif-QLEJNVK-scaled.jpg\" alt=\"IT-Analyse\"\/>\n\n                                        <span class=\"b-isotope-grid__wrap-info\">\n                                          <i class=\"icon ti-arrow-top-right\"><\/i>\n                                        <\/span>\n\n                                      <\/a><a href=\"http:\/\/www.alpha-security.de\/alpha-security\/portfolio\/it-analyse\/\"><span class=\"b-isotope-grid__title\">IT-Analyse<\/span><\/a><span class=\"b-isotope-grid__categorie\">IT-Security<\/span><\/li><li class=\"b-isotope-grid__item grid-item all true it-security\">\n\n                                      <a class=\"b-isotope-grid__inner\" href=\"http:\/\/www.alpha-security.de\/alpha-security\/portfolio\/durchfuehrung\/\">\n\n                                        <img src=\"http:\/\/www.alpha-security.de\/alpha-security\/wp-content\/uploads\/2021\/08\/programmer-software-developer-Z7UNBRU-scaled.jpg\" alt=\"Durchf\u00fchrung\"\/>\n\n                                        <span class=\"b-isotope-grid__wrap-info\">\n                                          <i class=\"icon ti-arrow-top-right\"><\/i>\n                                        <\/span>\n\n                                      <\/a><a href=\"http:\/\/www.alpha-security.de\/alpha-security\/portfolio\/durchfuehrung\/\"><span class=\"b-isotope-grid__title\">Durchf\u00fchrung<\/span><\/a><span class=\"b-isotope-grid__categorie\">IT-Security<\/span><\/li><\/ul><\/div><\/div>\n              <\/div>\n          <\/div>\n      <\/div>[vc_row_inner][vc_column_inner width=&#8220;1\/2&#8243;]<div class=\"b-contacts__item bg-grey \"><i class=\"b-contacts__icon ti-mobile bg-primary_a\"><\/i><div class=\"b-contacts__name\">+49 222 683 777 97<\/div><div class=\"b-contacts__info\">Rufen Sie uns an<\/div><\/div>[\/vc_column_inner][vc_column_inner width=&#8220;1\/2&#8243;]<div class=\"b-contacts__item bg-grey \"><i class=\"b-contacts__icon ti-email bg-primary_a\"><\/i><div class=\"b-contacts__name\">info@alpha-security.de<\/div><div class=\"b-contacts__info\">Schreiben Sie uns Ihr Anliegen<\/div><\/div>[\/vc_column_inner][\/vc_row_inner][\/vc_column][\/vc_row]<\/p>\n<\/section>","protected":false},"excerpt":{"rendered":"<p>[vc_row full_width=&#8220;stretch_row_content_no_spaces&#8220; ova_container=&#8220;no&#8220;][vc_column][\/vc_column][\/vc_row][vc_row css=&#8220;.vc_custom_1502782720994{margin-top: 110px !important;}&#8220;][vc_column][\/vc_column][\/vc_row][vc_row css=&#8220;.vc_custom_1502808649569{margin-top: 110px !important;}&#8220;][vc_column][\/vc_column][\/vc_row][vc_row css=&#8220;.vc_custom_1502944271359{margin-top: 110px !important;padding-bottom: 110px !important;}&#8220;][vc_column][vc_row_inner][vc_column_inner width=&#8220;1\/2&#8243;][\/vc_column_inner][vc_column_inner width=&#8220;1\/2&#8243;][\/vc_column_inner][\/vc_row_inner][\/vc_column][\/vc_row]<\/p>\n","protected":false},"author":1,"featured_media":0,"parent":0,"menu_order":0,"comment_status":"closed","ping_status":"closed","template":"templates\/fullwidth.php","meta":[],"_links":{"self":[{"href":"http:\/\/www.alpha-security.de\/alpha-security\/wp-json\/wp\/v2\/pages\/425"}],"collection":[{"href":"http:\/\/www.alpha-security.de\/alpha-security\/wp-json\/wp\/v2\/pages"}],"about":[{"href":"http:\/\/www.alpha-security.de\/alpha-security\/wp-json\/wp\/v2\/types\/page"}],"author":[{"embeddable":true,"href":"http:\/\/www.alpha-security.de\/alpha-security\/wp-json\/wp\/v2\/users\/1"}],"replies":[{"embeddable":true,"href":"http:\/\/www.alpha-security.de\/alpha-security\/wp-json\/wp\/v2\/comments?post=425"}],"version-history":[{"count":52,"href":"http:\/\/www.alpha-security.de\/alpha-security\/wp-json\/wp\/v2\/pages\/425\/revisions"}],"predecessor-version":[{"id":921,"href":"http:\/\/www.alpha-security.de\/alpha-security\/wp-json\/wp\/v2\/pages\/425\/revisions\/921"}],"wp:attachment":[{"href":"http:\/\/www.alpha-security.de\/alpha-security\/wp-json\/wp\/v2\/media?parent=425"}],"curies":[{"name":"wp","href":"https:\/\/api.w.org\/{rel}","templated":true}]}}