{"id":536,"date":"2021-08-04T22:13:39","date_gmt":"2021-08-04T20:13:39","guid":{"rendered":"https:\/\/www.alpha-security.de\/alpha-security\/?page_id=536"},"modified":"2021-08-29T18:59:13","modified_gmt":"2021-08-29T16:59:13","slug":"security","status":"publish","type":"page","link":"http:\/\/www.alpha-security.de\/alpha-security\/security\/","title":{"rendered":"Security"},"content":{"rendered":"<section class=\"wpb-content-wrapper\"><p>[vc_row full_width=&#8220;stretch_row_content_no_spaces&#8220; ova_container=&#8220;no&#8220;][vc_column]<div class=\"l-design \">\n\t            <div class=\"main-slider slider-pro\" id=\"main-slider\" data-slider-width=\"100%\" data-slider-height=\"700px\" data-slider-arrows=\"true\" data-slider-buttons=\"true\">\n\t                <div class=\"sp-slides\">\n\t                    \n            <div class=\"sp-slide \">\n            \t<img class=\"sp-image\" src=\"http:\/\/www.alpha-security.de\/alpha-security\/wp-content\/uploads\/2021\/08\/SLIDER_one.jpg\" alt=\"slider\" \/>\n                <div class=\"container-fluid\">\n                    <div class=\"row\">\n                        <div class=\"col-xs-12\">\n                            <div class=\"main-slider__inner\">\n                                <h2 class=\"main-slider__title sp-layer\" data-width=\"100%\" data-show-transition=\"left\" data-hide-transition=\"left\" data-show-duration=\"800\" data-show-delay=\"400\" data-hide-delay=\"400\"><span class=\"main-slider__title-first\">Beratung - Planung - Durchf\u00fchrung<\/span><strong class=\"main-slider__title-strong\">Security &amp; Solutions GmbH<\/strong><\/h2>\n                                <div class=\"main-slider__info sp-layer\" data-width=\"100%\" data-show-transition=\"left\" data-hide-transition=\"left\" data-show-duration=\"1200\" data-show-delay=\"2000\" data-hide-delay=\"400\">\u201e25 Jahre Erfahrung &amp; Kompetenz f\u00fcr Ihre Sicherheit\u201c<\/div>\n                            <\/div>\n                        <\/div>\n                    <\/div>\n                <\/div>\n            <\/div>\n            <div class=\"sp-slide \">\n            \t<img class=\"sp-image\" src=\"http:\/\/www.alpha-security.de\/alpha-security\/wp-content\/uploads\/2021\/08\/SLIDER_two.jpg\" alt=\"slider\" \/>\n                <div class=\"container-fluid\">\n                    <div class=\"row\">\n                        <div class=\"col-xs-12\">\n                            <div class=\"main-slider__inner\">\n                                <h2 class=\"main-slider__title sp-layer\" data-width=\"100%\" data-show-transition=\"left\" data-hide-transition=\"left\" data-show-duration=\"800\" data-show-delay=\"400\" data-hide-delay=\"400\"><span class=\"main-slider__title-first\">Pr\u00e4vention - Intervention - Protection<\/span><strong class=\"main-slider__title-strong\">Security &amp; Solutions GmbH<\/strong><\/h2>\n                                <div class=\"main-slider__info sp-layer\" data-width=\"100%\" data-show-transition=\"left\" data-hide-transition=\"left\" data-show-duration=\"1200\" data-show-delay=\"2000\" data-hide-delay=\"400\">\u201eProfessionelle Dienstleistung aus einer Hand\u201c<\/div>\n                            <\/div>\n                        <\/div>\n                    <\/div>\n                <\/div>\n            <\/div>\n\t                <\/div>\n\t            <\/div>\n\t            <span class=\"num\"><\/span>\n        \t<\/div>[\/vc_column][\/vc_row][vc_row css=&#8220;.vc_custom_1502782720994{margin-top: 110px !important;}&#8220;][vc_column][vc_row_inner][vc_column_inner]<div class=\"\"><div class=\"ui-subtitle-block\">alpha Security &amp; Solutions GmbH<\/div><h2 class=\"ui-title-block \"><strong>Security<\/strong><\/h2><\/div>[\/vc_column_inner][\/vc_row_inner][vc_row_inner][vc_column_inner width=&#8220;1\/2&#8243;][vc_raw_html]JTNDcCUzRSUwQSUzQ2IlM0VTZWN1cml0eSUyMC0lMjBHZWZhaHJlbiUyMHZlcnN0ZWhlbiUyMHVuZCUyMFJpc2lrZW4lMjBlcmtlbm5lbi4lM0MlMkZiJTNFJTIwJTNDYnIlM0UlMEFTaWNoZXJoZWl0JTIwc3RlbGx0JTIwc2ljaCUyMGYlQzMlQkNyJTIwdmVyc2NoaWVkZW5lJTIwTWVuc2NoZW4lMjBhdWYlMjB2aWVsZSUyMHVudGVyc2NoaWVkbGljaGUlMjBBcnRlbiUyMGRhci4lMjBVbnRlciUyMGFuZGVyZW0lMjBzcGllbHQlMjBkaWUlMjBqZXdlaWxpZ2UlMjBVbWdlYnVuZyUyMHVuZCUyMGRpZSUyMGFrdHVlbGxlJTIwU2l0dWF0aW9uJTIwYmVpJTIwZGVyJTIwRGVmaW5pdGlvbiUyMCUwQSVFMiU4MCU5RVNpY2hlcmhlaXQlRTIlODAlOUMlMjBlaW5lJTIwZ3JvJUMzJTlGZSUyMFJvbGxlLiUyMERpZSUyMHNpY2glMjBTaWNoZXJoZWl0c3ZlcmFudHdvcnRsaWNoJTIwYmlldGVuZGVuJTIwVm9ya2VocnVuZ2VuJTIwZW50c3ByZWNoZW5kZXIlMjBTaWNoZXJoZWl0c21lY2hhbmlzbWVuJTIwZiVDMyVCQ3IlMjBlaW4lMjBnYW56ZXMlMjBVbnRlcm5laG1lbiUyMHNpbmQlMjBvZnRtYWxzJTIwc2VociUyMHVudGVyc2NoaWVkbGljaCUyMHVuZCUyMGtvbXBsaXppZXJ0LiUyMCUzQ2JyJTNFJTBBSW4lMjBqZWRlbSUyMGRpZXNlciUyMEYlQzMlQTRsbGUlMjBzdGVodCUyMGFiZXIlMjBudXIlMjBlaW4lMjBad2VjayUyMGltJTIwVm9yZGVyZ3J1bmQlMkMlMjBkaWUlMjBBYndlaHIlMjB2b24lMjByZWFsZW4lMjBzb3dpZSUyMGFscyUyMHNvbGNoZSUyMGVtcGZ1bmRlbmVuJTIwQmVkcm9odW5nZW4uJTIwJTNDYnIlM0UlMEFEZXNoYWxiJTIwaXN0JTIwZXMlMjBndXQlMkMlMjBmJUMzJUJDciUyMGRpZSUyMHJpY2h0aWdlJTIwTCVDMyVCNnN1bmclMjBlaW5lJTIwenV2ZXJsJUMzJUE0c3NpZ2UlMjBTaWNoZXJoZWl0c2Zpcm1hJTIwYWxzJTIwUGFydG5lciUyMHp1JTIwaGFiZW4lMkMlMjBkaWUlMjBzaWNoJTIwWmVpdCUyMG5pbW10JTJDJTIwdW0lMjBTaWUlMjBrb21wZXRlbnQlMjBiZXJhdGVuJTIwenUlMjBrJUMzJUI2bm5lbi4lMjAlMEElM0MlMkZwJTNF[\/vc_raw_html][\/vc_column_inner][vc_column_inner width=&#8220;1\/4&#8243;]<section class=\"b-advantages b-advantages-2 wow  fadeIn \" data-wow-duration=\"1s\" data-wow-delay=\"0.2s\"><i class=\"b-advantages__icon ti-user\"><\/i><h3 class=\"b-advantages__title ui-title-inner\">Personenschutz<\/h3><div class=\"b-advantages__info\">Ihre Sicherheit<\/div><\/section>[vc_empty_space height=&#8220;25px&#8220;]<section class=\"b-advantages b-advantages-2 wow  fadeIn \" data-wow-duration=\"1s\" data-wow-delay=\"0.2s\"><i class=\"b-advantages__icon ti-briefcase\"><\/i><h3 class=\"b-advantages__title ui-title-inner\">Consulting<\/h3><div class=\"b-advantages__info\">Prim\u00e4re Zielsetzung<\/div><\/section><div class=\"advantages-carousel owl-carousel owl-theme owl-theme_arrows-top enable-owl-carousel  \" data-min480=\"1\" data-min768=\"2\" data-min992=\"3\" data-min1200=\"3\" data-pagination=\"false\" data-navigation=\"true\" data-auto-play=\"4000\" data-stop-on-hover=\"true\"><\/div>[\/vc_column_inner][vc_column_inner width=&#8220;1\/4&#8243;]<section class=\"b-advantages b-advantages-2 wow  fadeIn \" data-wow-duration=\"1s\" data-wow-delay=\"0.2s\"><i class=\"b-advantages__icon ti-home\"><\/i><h3 class=\"b-advantages__title ui-title-inner\">Objektschutz<\/h3><div class=\"b-advantages__info\">Sicherheitsl\u00f6sungen ohne Kompromisse<\/div><\/section><section class=\"b-advantages b-advantages-2 wow  fadeIn \" data-wow-duration=\"1s\" data-wow-delay=\"0.2s\"><i class=\"b-advantages__icon ti-settings\"><\/i><h3 class=\"b-advantages__title ui-title-inner\">Technik<\/h3><div class=\"b-advantages__info\">Equipment - State of Art<\/div><\/section>[\/vc_column_inner][\/vc_row_inner][vc_separator]\n  \t\t\t<section class=\"section-default_pdg-btm section-border scrollreveal \">\n  \t\t\t    <div class=\"section__inner\">\n  \t\t\t        <div class=\"row\">\n  \t\t\t            <div class=\"col-xs-12\"><div class=\"ui-subtitle-block-2\">Security<\/div><h2 class=\"ui-title-block\"><strong>Personenschutz<\/strong><\/h2><\/div>\n  \t\t\t        <\/div>\n  \t\t\t        <div class=\"row\"><div class=\"col-sm-4\">\n  \t\t\t                <div class=\"col_minus-interval_right\">\n  \t\t\t                    <a class=\"img-w-decor img-w-decor_l-minus-110 tilter tilter--1 js-zoom-images\" href=\"http:\/\/www.alpha-security.de\/alpha-security\/wp-content\/uploads\/2017\/09\/cropped-image-of-businessman-looking-at-smartphone-XY6WQB9-scaled.jpg\">\n  \t\t\t                        <figure class=\"tilter__figure\"><img class=\"img-responsive\" src=\"http:\/\/www.alpha-security.de\/alpha-security\/wp-content\/uploads\/2017\/09\/cropped-image-of-businessman-looking-at-smartphone-XY6WQB9-scaled.jpg\" alt=\"Ihre &lt;strong&gt;Sicherheit&lt;\/strong&gt;\"\/><\/figure>\n  \t\t\t                    <\/a>\n  \t\t\t                <\/div>\n  \t\t\t            <\/div><div class=\"col-sm-6 col-sm-offset-1\">\n  \t\t\t                <div class=\"col_minus-interval_left\"><h3 class=\"ui-title-block ui-title-block_sm ui-title-block_semibold\">\n  \t\t\t                    Ihre <strong>Sicherheit<\/strong><\/h3><div>Kennzeichnend f\u00fcr alpha Personen- und Begleitschutz sind individuell abgestimmte Pr\u00e4ventionsma\u00dfnahmen zur Absicherung des Lebens, k\u00f6rperlicher Unversehrtheit, als auch Handlungs- und Bewegungsfreiheit.<br \/>\nUnsere professionellen Personensch\u00fctzer sind sowohl bundesweit als auch International f\u00fcr die Sicherheit von Einzelpersonen, Gruppen und Familien, sichtbar als auch unauff\u00e4llig im Hintergrund zum Schutz im Einsatz.<br \/>\nDiese selbstverst\u00e4ndliche und diskrete Vorgehensweise, ist besonders in der Betreuung von Kindern f\u00fcr alpha sehr wichtig. Spezielle psychologisch- und p\u00e4dagogische geschulte Kid-Guards (weibl.\/m\u00e4nnl.) achten bei alpha auf die Sicherheit der Kinder, ohne ihre freie Pers\u00f6nlichkeitsentwicklung zu beeintr\u00e4chtigen.<br \/>\n<br \/>\n- Begleit- und VIP-Service<br \/>\n- Kid Guard<\/div><\/div>\n  \t\t\t            <\/div>\n  \t\t\t        <\/div><\/div>\n  \t\t\t<\/section>[vc_empty_space height=&#8220;52px&#8220;]\n  \t\t\t<section class=\"section-default_pdg-btm section-border scrollreveal \">\n  \t\t\t    <div class=\"section__inner\">\n  \t\t\t        <div class=\"row\">\n  \t\t\t            <div class=\"col-xs-12\"><div class=\"ui-subtitle-block-2\">Security<\/div><h2 class=\"ui-title-block\"><strong>Objektschutz<\/strong><\/h2><\/div>\n  \t\t\t        <\/div>\n  \t\t\t        <div class=\"row\"><div class=\"col-sm-4\">\n  \t\t\t                <div class=\"col_minus-interval_right\">\n  \t\t\t                    <a class=\"img-w-decor img-w-decor_l-minus-110 tilter tilter--1 js-zoom-images\" href=\"http:\/\/www.alpha-security.de\/alpha-security\/wp-content\/uploads\/2017\/09\/security-cameras-on-dark-building-P3MKT62-scaled.jpg\">\n  \t\t\t                        <figure class=\"tilter__figure\"><img class=\"img-responsive\" src=\"http:\/\/www.alpha-security.de\/alpha-security\/wp-content\/uploads\/2017\/09\/security-cameras-on-dark-building-P3MKT62-scaled.jpg\" alt=\"&lt;strong&gt;Sicherheitsl\u00f6sungen&lt;\/strong&gt; ohne Kompromisse\"\/><\/figure>\n  \t\t\t                    <\/a>\n  \t\t\t                <\/div>\n  \t\t\t            <\/div><div class=\"col-sm-6 col-sm-offset-1\">\n  \t\t\t                <div class=\"col_minus-interval_left\"><h3 class=\"ui-title-block ui-title-block_sm ui-title-block_semibold\">\n  \t\t\t                    <strong>Sicherheitsl\u00f6sungen<\/strong> ohne Kompromisse<\/h3><div>Das Sicherheitsunternehmen alpha und dessen qualifizierte Sicherheitsberater sorgen bei Ihrer Objekt- bzw. Werkssicherung f\u00fcr professionelle Koordinierung und Regelung.<br \/>\nF\u00fcr den Schutz von Objekten und Anlagen wird ein individuelles Sicherheitskonzept erstellt, sodass Freir\u00e4ume f\u00fcr Sie geschaffen werden, um sich Ihren Unternehmenszielen zu widmen.<br \/>\nBeugen Sie mit alpha potentiellen Gef\u00e4hrdungen vor.<br \/>\n<br \/>\n- Wach- & Pf\u00f6rtnerdienste<br \/>\n- Empfangs- & Schlie\u00dfdienste<br \/>\n- Zugangskontrollen<br \/>\n- Centersicherung<br \/>\n- Gel\u00e4nde- & Baustellen\u00fcberwachung<br \/>\n- Revierpatrollien<\/div><\/div>\n  \t\t\t            <\/div>\n  \t\t\t        <\/div><\/div>\n  \t\t\t<\/section>[vc_empty_space height=&#8220;52px&#8220;]\n  \t\t\t<section class=\"section-default_pdg-btm section-border scrollreveal \">\n  \t\t\t    <div class=\"section__inner\">\n  \t\t\t        <div class=\"row\">\n  \t\t\t            <div class=\"col-xs-12\"><div class=\"ui-subtitle-block-2\">Security<\/div><h2 class=\"ui-title-block\"><strong>Consulting<\/strong><\/h2><\/div>\n  \t\t\t        <\/div>\n  \t\t\t        <div class=\"row\"><div class=\"col-sm-4\">\n  \t\t\t                <div class=\"col_minus-interval_right\">\n  \t\t\t                    <a class=\"img-w-decor img-w-decor_l-minus-110 tilter tilter--1 js-zoom-images\" href=\"http:\/\/www.alpha-security.de\/alpha-security\/wp-content\/uploads\/2017\/09\/consultation-of-businessmen-for-business-success-B62CZW2-scaled.jpg\">\n  \t\t\t                        <figure class=\"tilter__figure\"><img class=\"img-responsive\" src=\"http:\/\/www.alpha-security.de\/alpha-security\/wp-content\/uploads\/2017\/09\/consultation-of-businessmen-for-business-success-B62CZW2-scaled.jpg\" alt=\"&lt;strong&gt;Prim\u00e4re&lt;\/strong&gt; Zielsetzung\"\/><\/figure>\n  \t\t\t                    <\/a>\n  \t\t\t                <\/div>\n  \t\t\t            <\/div><div class=\"col-sm-6 col-sm-offset-1\">\n  \t\t\t                <div class=\"col_minus-interval_left\"><h3 class=\"ui-title-block ui-title-block_sm ui-title-block_semibold\">\n  \t\t\t                    <strong>Prim\u00e4re<\/strong> Zielsetzung<\/h3><div>Risiken rechtzeitig erkennen, ganzheitlich analysieren und zusammen mit dem Kunden wirkungsvoll managen. alpha \u00fcbernimmt nicht nur die Ausbildung eigener Mitarbeiter; unser vielf\u00e4ltiges Angebot der Qualit\u00e4tsorientierten Aus- und Weiterbildung wird auch von externen Kr\u00e4ften aus Beh\u00f6rden, Institutionen und Unternehmen der Wirtschaft genutzt.<br \/>\nDie Schulungen k\u00f6nnen je nach Anforderung und Kundenwunsch als In-House-Ma\u00dfnahmen durchgef\u00fchrt werden. alpha erstellt Schwachstellenanalysen f\u00fcr Wirtschaft und Beh\u00f6rden; und auf diese Basis zugeschnittene Sicherheitskonzepte.<br \/>\nUnsere Kompetenz in verschiedenen Bereichen bedeutet Erfolg f\u00fcr Sie.<br \/>\n<br \/>\n\u2013 Risikomanagement<br \/>\n\u2013 Durchf\u00fchrungskontrollen von Sicherheitsroutinen<br \/>\n\u2013 Sicherheits- und Gef\u00e4hrdungsanalysen<br \/>\n\u2013 Mitarbeitersensibilisierung und Schulung<\/div><\/div>\n  \t\t\t            <\/div>\n  \t\t\t        <\/div><\/div>\n  \t\t\t<\/section>[vc_empty_space]\n  \t\t\t<section class=\"section-default_pdg-btm section-border scrollreveal \">\n  \t\t\t    <div class=\"section__inner\">\n  \t\t\t        <div class=\"row\">\n  \t\t\t            <div class=\"col-xs-12\"><div class=\"ui-subtitle-block-2\">Security<\/div><h2 class=\"ui-title-block\"><strong>Technik<\/strong><\/h2><\/div>\n  \t\t\t        <\/div>\n  \t\t\t        <div class=\"row\"><div class=\"col-sm-4\">\n  \t\t\t                <div class=\"col_minus-interval_right\">\n  \t\t\t                    <a class=\"img-w-decor img-w-decor_l-minus-110 tilter tilter--1 js-zoom-images\" href=\"http:\/\/www.alpha-security.de\/alpha-security\/wp-content\/uploads\/2017\/09\/three-portable-radio-transmitter-at-steel-backgrou-SE75X6Q-scaled.jpg\">\n  \t\t\t                        <figure class=\"tilter__figure\"><img class=\"img-responsive\" src=\"http:\/\/www.alpha-security.de\/alpha-security\/wp-content\/uploads\/2017\/09\/three-portable-radio-transmitter-at-steel-backgrou-SE75X6Q-scaled.jpg\" alt=\"&lt;strong&gt;Equipment&lt;\/strong&gt; - State of Art\"\/><\/figure>\n  \t\t\t                    <\/a>\n  \t\t\t                <\/div>\n  \t\t\t            <\/div><div class=\"col-sm-6 col-sm-offset-1\">\n  \t\t\t                <div class=\"col_minus-interval_left\"><h3 class=\"ui-title-block ui-title-block_sm ui-title-block_semibold\">\n  \t\t\t                    <strong>Equipment<\/strong> - State of Art<\/h3><div>alpha verf\u00fcgt \u00fcber ein gro\u00dfes Inventar an moderner Ausr\u00fcstung, die f\u00fcr einwandfreie audio- und visuelle Beweissicherung, als auch diskrete und erfolgssichere Ermittlungsmethoden sorgt.<br \/>\n<br \/>\n- Alarm- und Notrufleitstelle<br \/>\n- Alarmanlagen\/ Einbruchmeldesysteme<br \/>\n- Video-, Kameraausr\u00fcstung (fest\/mobil)<br \/>\n- Funkausr\u00fcstung; Peilger\u00e4te<br \/>\n- Gespr\u00e4ch- und Ger\u00e4usch\u00fcberwachung<br \/>\n- Spezialequipment\/ Fangpakete<\/div><\/div>\n  \t\t\t            <\/div>\n  \t\t\t        <\/div><\/div>\n  \t\t\t<\/section>[vc_row_inner][vc_column_inner width=&#8220;1\/2&#8243;]<div class=\"b-contacts__item bg-grey \"><i class=\"b-contacts__icon ti-mobile bg-primary_a\"><\/i><div class=\"b-contacts__name\">+49 222 683 777 97<\/div><div class=\"b-contacts__info\">Rufen Sie uns an<\/div><\/div>[\/vc_column_inner][vc_column_inner width=&#8220;1\/2&#8243;]<div class=\"b-contacts__item bg-grey \"><i class=\"b-contacts__icon ti-email bg-primary_a\"><\/i><div class=\"b-contacts__name\">info@alpha-security.de<\/div><div class=\"b-contacts__info\">Schreiben Sie uns Ihr Anliegen<\/div><\/div>[\/vc_column_inner][\/vc_row_inner][\/vc_column][\/vc_row][vc_row][vc_column][vc_row_inner][vc_column_inner width=&#8220;1\/2&#8243;]<div class=\"advantages-carousel owl-carousel owl-theme owl-theme_arrows-top enable-owl-carousel  \" data-min480=\"1\" data-min768=\"2\" data-min992=\"3\" data-min1200=\"3\" data-pagination=\"false\" data-navigation=\"true\" data-auto-play=\"4000\" data-stop-on-hover=\"true\"><\/div><div class=\"advantages-carousel owl-carousel owl-theme owl-theme_arrows-top enable-owl-carousel  \" data-min480=\"1\" data-min768=\"2\" data-min992=\"3\" data-min1200=\"3\" data-pagination=\"false\" data-navigation=\"true\" data-auto-play=\"4000\" data-stop-on-hover=\"true\"><\/div>[\/vc_column_inner][vc_column_inner width=&#8220;1\/2&#8243;]<div class=\"\"><\/div><div class=\"advantages-carousel owl-carousel owl-theme owl-theme_arrows-top enable-owl-carousel Equipment - State of Art alpha verf\u00fcgt \u00fcber ein gro\u00dfes Inventar an moderner Ausr\u00fcstung, die f\u00fcr einwandfreie audio- und visuelle Beweissicherung, als auch diskrete und erfolgssichere Ermittlungsmethoden sorgt. - Alarm- und Notrufleitstelle - Alarmanlagen\/ Einbruchmeldesysteme - Video-, Kameraausr\u00fcstung (fest\/mobil) - Funkausr\u00fcstung; Peilger\u00e4te - Gespr\u00e4ch- und Ger\u00e4usch\u00fcberwachung - Spezialequipment\/ Fangpakete \" data-min480=\"1\" data-min768=\"2\" data-min992=\"3\" data-min1200=\"3\" data-pagination=\"false\" data-navigation=\"true\" data-auto-play=\"4000\" data-stop-on-hover=\"true\"><\/div>[\/vc_column_inner][\/vc_row_inner][\/vc_column][\/vc_row]<\/p>\n<\/section>","protected":false},"excerpt":{"rendered":"<p>[vc_row full_width=&#8220;stretch_row_content_no_spaces&#8220; ova_container=&#8220;no&#8220;][vc_column][\/vc_column][\/vc_row][vc_row css=&#8220;.vc_custom_1502782720994{margin-top: 110px !important;}&#8220;][vc_column][vc_row_inner][vc_column_inner][\/vc_column_inner][\/vc_row_inner][vc_row_inner][vc_column_inner width=&#8220;1\/2&#8243;][vc_raw_html]JTNDcCUzRSUwQSUzQ2IlM0VTZWN1cml0eSUyMC0lMjBHZWZhaHJlbiUyMHZlcnN0ZWhlbiUyMHVuZCUyMFJpc2lrZW4lMjBlcmtlbm5lbi4lM0MlMkZiJTNFJTIwJTNDYnIlM0UlMEFTaWNoZXJoZWl0JTIwc3RlbGx0JTIwc2ljaCUyMGYlQzMlQkNyJTIwdmVyc2NoaWVkZW5lJTIwTWVuc2NoZW4lMjBhdWYlMjB2aWVsZSUyMHVudGVyc2NoaWVkbGljaGUlMjBBcnRlbiUyMGRhci4lMjBVbnRlciUyMGFuZGVyZW0lMjBzcGllbHQlMjBkaWUlMjBqZXdlaWxpZ2UlMjBVbWdlYnVuZyUyMHVuZCUyMGRpZSUyMGFrdHVlbGxlJTIwU2l0dWF0aW9uJTIwYmVpJTIwZGVyJTIwRGVmaW5pdGlvbiUyMCUwQSVFMiU4MCU5RVNpY2hlcmhlaXQlRTIlODAlOUMlMjBlaW5lJTIwZ3JvJUMzJTlGZSUyMFJvbGxlLiUyMERpZSUyMHNpY2glMjBTaWNoZXJoZWl0c3ZlcmFudHdvcnRsaWNoJTIwYmlldGVuZGVuJTIwVm9ya2VocnVuZ2VuJTIwZW50c3ByZWNoZW5kZXIlMjBTaWNoZXJoZWl0c21lY2hhbmlzbWVuJTIwZiVDMyVCQ3IlMjBlaW4lMjBnYW56ZXMlMjBVbnRlcm5laG1lbiUyMHNpbmQlMjBvZnRtYWxzJTIwc2VociUyMHVudGVyc2NoaWVkbGljaCUyMHVuZCUyMGtvbXBsaXppZXJ0LiUyMCUzQ2JyJTNFJTBBSW4lMjBqZWRlbSUyMGRpZXNlciUyMEYlQzMlQTRsbGUlMjBzdGVodCUyMGFiZXIlMjBudXIlMjBlaW4lMjBad2VjayUyMGltJTIwVm9yZGVyZ3J1bmQlMkMlMjBkaWUlMjBBYndlaHIlMjB2b24lMjByZWFsZW4lMjBzb3dpZSUyMGFscyUyMHNvbGNoZSUyMGVtcGZ1bmRlbmVuJTIwQmVkcm9odW5nZW4uJTIwJTNDYnIlM0UlMEFEZXNoYWxiJTIwaXN0JTIwZXMlMjBndXQlMkMlMjBmJUMzJUJDciUyMGRpZSUyMHJpY2h0aWdlJTIwTCVDMyVCNnN1bmclMjBlaW5lJTIwenV2ZXJsJUMzJUE0c3NpZ2UlMjBTaWNoZXJoZWl0c2Zpcm1hJTIwYWxzJTIwUGFydG5lciUyMHp1JTIwaGFiZW4lMkMlMjBkaWUlMjBzaWNoJTIwWmVpdCUyMG5pbW10JTJDJTIwdW0lMjBTaWUlMjBrb21wZXRlbnQlMjBiZXJhdGVuJTIwenUlMjBrJUMzJUI2bm5lbi4lMjAlMEElM0MlMkZwJTNF[\/vc_raw_html][\/vc_column_inner][vc_column_inner width=&#8220;1\/4&#8243;][vc_empty_space height=&#8220;25px&#8220;][\/vc_column_inner][vc_column_inner width=&#8220;1\/4&#8243;][\/vc_column_inner][\/vc_row_inner][vc_separator][vc_empty_space height=&#8220;52px&#8220;][vc_empty_space height=&#8220;52px&#8220;][vc_empty_space][vc_row_inner][vc_column_inner width=&#8220;1\/2&#8243;][\/vc_column_inner][vc_column_inner width=&#8220;1\/2&#8243;][\/vc_column_inner][\/vc_row_inner][\/vc_column][\/vc_row][vc_row][vc_column][vc_row_inner][vc_column_inner width=&#8220;1\/2&#8243;][\/vc_column_inner][vc_column_inner width=&#8220;1\/2&#8243;][\/vc_column_inner][\/vc_row_inner][\/vc_column][\/vc_row]<\/p>\n","protected":false},"author":1,"featured_media":0,"parent":0,"menu_order":0,"comment_status":"closed","ping_status":"closed","template":"templates\/fullwidth.php","meta":[],"_links":{"self":[{"href":"http:\/\/www.alpha-security.de\/alpha-security\/wp-json\/wp\/v2\/pages\/536"}],"collection":[{"href":"http:\/\/www.alpha-security.de\/alpha-security\/wp-json\/wp\/v2\/pages"}],"about":[{"href":"http:\/\/www.alpha-security.de\/alpha-security\/wp-json\/wp\/v2\/types\/page"}],"author":[{"embeddable":true,"href":"http:\/\/www.alpha-security.de\/alpha-security\/wp-json\/wp\/v2\/users\/1"}],"replies":[{"embeddable":true,"href":"http:\/\/www.alpha-security.de\/alpha-security\/wp-json\/wp\/v2\/comments?post=536"}],"version-history":[{"count":61,"href":"http:\/\/www.alpha-security.de\/alpha-security\/wp-json\/wp\/v2\/pages\/536\/revisions"}],"predecessor-version":[{"id":901,"href":"http:\/\/www.alpha-security.de\/alpha-security\/wp-json\/wp\/v2\/pages\/536\/revisions\/901"}],"wp:attachment":[{"href":"http:\/\/www.alpha-security.de\/alpha-security\/wp-json\/wp\/v2\/media?parent=536"}],"curies":[{"name":"wp","href":"https:\/\/api.w.org\/{rel}","templated":true}]}}